{"id":1009,"date":"2019-11-14T20:20:08","date_gmt":"2019-11-14T20:20:08","guid":{"rendered":"http:\/\/vukicevic.co.me\/?page_id=1009"},"modified":"2022-02-20T12:16:24","modified_gmt":"2022-02-20T12:16:24","slug":"proizvodi-2","status":"publish","type":"page","link":"https:\/\/vukicevic.co.me\/index.php\/proizvodi-2\/","title":{"rendered":"PROIZVODI"},"content":{"rendered":"<div id=\"pl-1009\"  class=\"panel-layout\" ><div id=\"pg-1009-0\"  class=\"panel-grid panel-has-style\" ><div style=\"padding: 100px 0; \" data-overlay=\"true\" data-overlay-color=\"#000000\" class=\"panel-row-style panel-row-style-for-1009-0\" ><div id=\"pgc-1009-0-0\"  class=\"panel-grid-cell\" ><div id=\"panel-1009-0-0-0\" class=\"so-panel widget widget_text panel-first-child panel-last-child\" data-index=\"0\" ><div style=\"text-align: left;\" data-title-color=\"#443f3f\" data-headings-color=\"#443f3f\" class=\"panel-widget-style panel-widget-style-for-1009-0-0-0\" ><h3 class=\"widget-title\">VRANAC VUKI\u0106EVI\u0106<\/h3>\t\t\t<div class=\"textwidget\"><p>Suvo crveno vino<\/p>\n<p>Izuzetno prijatna aroma i puni postojani ukus blenda Vranca, Marselana i Petit Verdoa, na prvoj kapljici oda\u0107e Vam za\u0161to ka\u017eemo da je na\u0161 Ponos.<\/p>\n<p>Snaga. Bo\u017eanstvo. Mo\u0107. Prkos. Strast. Opsesija. Senzacija.<\/p>\n<p>Slaganje sa hranom: Govedina, jagnjetina, svinjetina, pa\u010detina, gu\u0161\u010detina, \u0107uretina, ro\u0161tilj, divlja\u010d<\/p>\n<\/div>\n\t\t<\/div><\/div><\/div><div id=\"pgc-1009-0-1\"  class=\"panel-grid-cell\" ><div id=\"panel-1009-0-1-0\" class=\"so-panel widget widget_media_image panel-first-child panel-last-child\" data-index=\"1\" ><div style=\"text-align: left;\" data-title-color=\"#443f3f\" data-headings-color=\"#443f3f\" class=\"panel-widget-style panel-widget-style-for-1009-0-1-0\" ><img loading=\"lazy\" decoding=\"async\" width=\"843\" height=\"842\" src=\"https:\/\/vukicevic.co.me\/wp-content\/uploads\/2022\/01\/vinarija-vukicevic-proizvodi-vina-vranac.jpg\" class=\"image wp-image-1532  attachment-full size-full\" alt=\"\" style=\"max-width: 100%; height: auto;\" srcset=\"https:\/\/vukicevic.co.me\/wp-content\/uploads\/2022\/01\/vinarija-vukicevic-proizvodi-vina-vranac.jpg 843w, https:\/\/vukicevic.co.me\/wp-content\/uploads\/2022\/01\/vinarija-vukicevic-proizvodi-vina-vranac-300x300.jpg 300w, https:\/\/vukicevic.co.me\/wp-content\/uploads\/2022\/01\/vinarija-vukicevic-proizvodi-vina-vranac-150x150.jpg 150w, https:\/\/vukicevic.co.me\/wp-content\/uploads\/2022\/01\/vinarija-vukicevic-proizvodi-vina-vranac-768x767.jpg 768w, https:\/\/vukicevic.co.me\/wp-content\/uploads\/2022\/01\/vinarija-vukicevic-proizvodi-vina-vranac-830x829.jpg 830w, https:\/\/vukicevic.co.me\/wp-content\/uploads\/2022\/01\/vinarija-vukicevic-proizvodi-vina-vranac-230x230.jpg 230w, https:\/\/vukicevic.co.me\/wp-content\/uploads\/2022\/01\/vinarija-vukicevic-proizvodi-vina-vranac-350x350.jpg 350w, https:\/\/vukicevic.co.me\/wp-content\/uploads\/2022\/01\/vinarija-vukicevic-proizvodi-vina-vranac-480x479.jpg 480w, https:\/\/vukicevic.co.me\/wp-content\/uploads\/2022\/01\/vinarija-vukicevic-proizvodi-vina-vranac-600x599.jpg 600w, https:\/\/vukicevic.co.me\/wp-content\/uploads\/2022\/01\/vinarija-vukicevic-proizvodi-vina-vranac-100x100.jpg 100w\" sizes=\"auto, (max-width: 843px) 100vw, 843px\" \/><\/div><\/div><\/div><\/div><\/div><div id=\"pg-1009-1\"  class=\"panel-grid panel-has-style\" ><div style=\"padding: 100px 0; \" data-overlay=\"true\" data-overlay-color=\"#000000\" class=\"panel-row-style panel-row-style-for-1009-1\" ><div id=\"pgc-1009-1-0\"  class=\"panel-grid-cell\" ><div id=\"panel-1009-1-0-0\" class=\"so-panel widget widget_text panel-first-child panel-last-child\" data-index=\"2\" ><div style=\"text-align: left;\" data-title-color=\"#443f3f\" data-headings-color=\"#443f3f\" class=\"panel-widget-style panel-widget-style-for-1009-1-0-0\" ><h3 class=\"widget-title\">VRANAC BARRIQUE VUKI\u0106EVI\u0106<\/h3>\t\t\t<div class=\"textwidget\"><p>Suvo crveno vino<\/p>\n<p>Plemeniti ukus i dominatan miris na francuski hrast, kao posledica odle\u017eavanja u hrastovim barik buradima, ostavlja o\u010daravaju\u0107u dugotrajnu impresiju na nepcima.<\/p>\n<p>Sofisticiranost. Odsje\u010dnost. Presti\u017e. Gordost. Harmonija. Vuk.<\/p>\n<p>Slaganje sa hranom: Govedina, jagnjetina, svinjetina, pa\u010detina, gu\u0161\u010detina, \u0107uretina, ro\u0161tilj, divlja\u010d, zreli sirevi<\/p>\n<\/div>\n\t\t<\/div><\/div><\/div><div id=\"pgc-1009-1-1\"  class=\"panel-grid-cell\" ><div id=\"panel-1009-1-1-0\" class=\"so-panel widget widget_media_image panel-first-child panel-last-child\" data-index=\"3\" ><div style=\"text-align: left;\" data-title-color=\"#443f3f\" data-headings-color=\"#443f3f\" class=\"panel-widget-style panel-widget-style-for-1009-1-1-0\" ><img loading=\"lazy\" decoding=\"async\" width=\"843\" height=\"843\" src=\"https:\/\/vukicevic.co.me\/wp-content\/uploads\/2022\/01\/vinarija-vukicevic-proizvodi-vina-vranac-barrique.jpg\" class=\"image wp-image-1533  attachment-full size-full\" alt=\"\" style=\"max-width: 100%; height: auto;\" srcset=\"https:\/\/vukicevic.co.me\/wp-content\/uploads\/2022\/01\/vinarija-vukicevic-proizvodi-vina-vranac-barrique.jpg 843w, https:\/\/vukicevic.co.me\/wp-content\/uploads\/2022\/01\/vinarija-vukicevic-proizvodi-vina-vranac-barrique-300x300.jpg 300w, https:\/\/vukicevic.co.me\/wp-content\/uploads\/2022\/01\/vinarija-vukicevic-proizvodi-vina-vranac-barrique-150x150.jpg 150w, https:\/\/vukicevic.co.me\/wp-content\/uploads\/2022\/01\/vinarija-vukicevic-proizvodi-vina-vranac-barrique-768x768.jpg 768w, https:\/\/vukicevic.co.me\/wp-content\/uploads\/2022\/01\/vinarija-vukicevic-proizvodi-vina-vranac-barrique-830x830.jpg 830w, https:\/\/vukicevic.co.me\/wp-content\/uploads\/2022\/01\/vinarija-vukicevic-proizvodi-vina-vranac-barrique-230x230.jpg 230w, https:\/\/vukicevic.co.me\/wp-content\/uploads\/2022\/01\/vinarija-vukicevic-proizvodi-vina-vranac-barrique-350x350.jpg 350w, https:\/\/vukicevic.co.me\/wp-content\/uploads\/2022\/01\/vinarija-vukicevic-proizvodi-vina-vranac-barrique-480x480.jpg 480w, https:\/\/vukicevic.co.me\/wp-content\/uploads\/2022\/01\/vinarija-vukicevic-proizvodi-vina-vranac-barrique-600x600.jpg 600w, https:\/\/vukicevic.co.me\/wp-content\/uploads\/2022\/01\/vinarija-vukicevic-proizvodi-vina-vranac-barrique-100x100.jpg 100w\" sizes=\"auto, (max-width: 843px) 100vw, 843px\" \/><\/div><\/div><\/div><\/div><\/div><div id=\"pg-1009-2\"  class=\"panel-grid panel-has-style\" ><div style=\"padding: 100px 0; \" data-overlay=\"true\" data-overlay-color=\"#000000\" class=\"panel-row-style panel-row-style-for-1009-2\" ><div id=\"pgc-1009-2-0\"  class=\"panel-grid-cell\" ><div id=\"panel-1009-2-0-0\" class=\"so-panel widget widget_media_image panel-first-child panel-last-child\" data-index=\"4\" ><div style=\"text-align: left;\" data-title-color=\"#443f3f\" data-headings-color=\"#443f3f\" class=\"panel-widget-style panel-widget-style-for-1009-2-0-0\" ><img loading=\"lazy\" decoding=\"async\" width=\"843\" height=\"842\" src=\"https:\/\/vukicevic.co.me\/wp-content\/uploads\/2022\/01\/vinarija-vukicevic-proizvodi-vina-malvazija.jpg\" class=\"image wp-image-1530  attachment-full size-full\" alt=\"\" style=\"max-width: 100%; height: auto;\" srcset=\"https:\/\/vukicevic.co.me\/wp-content\/uploads\/2022\/01\/vinarija-vukicevic-proizvodi-vina-malvazija.jpg 843w, https:\/\/vukicevic.co.me\/wp-content\/uploads\/2022\/01\/vinarija-vukicevic-proizvodi-vina-malvazija-300x300.jpg 300w, https:\/\/vukicevic.co.me\/wp-content\/uploads\/2022\/01\/vinarija-vukicevic-proizvodi-vina-malvazija-150x150.jpg 150w, https:\/\/vukicevic.co.me\/wp-content\/uploads\/2022\/01\/vinarija-vukicevic-proizvodi-vina-malvazija-768x767.jpg 768w, https:\/\/vukicevic.co.me\/wp-content\/uploads\/2022\/01\/vinarija-vukicevic-proizvodi-vina-malvazija-830x829.jpg 830w, https:\/\/vukicevic.co.me\/wp-content\/uploads\/2022\/01\/vinarija-vukicevic-proizvodi-vina-malvazija-230x230.jpg 230w, https:\/\/vukicevic.co.me\/wp-content\/uploads\/2022\/01\/vinarija-vukicevic-proizvodi-vina-malvazija-350x350.jpg 350w, https:\/\/vukicevic.co.me\/wp-content\/uploads\/2022\/01\/vinarija-vukicevic-proizvodi-vina-malvazija-480x479.jpg 480w, https:\/\/vukicevic.co.me\/wp-content\/uploads\/2022\/01\/vinarija-vukicevic-proizvodi-vina-malvazija-600x599.jpg 600w, https:\/\/vukicevic.co.me\/wp-content\/uploads\/2022\/01\/vinarija-vukicevic-proizvodi-vina-malvazija-100x100.jpg 100w\" sizes=\"auto, (max-width: 843px) 100vw, 843px\" \/><\/div><\/div><\/div><div id=\"pgc-1009-2-1\"  class=\"panel-grid-cell\" ><div id=\"panel-1009-2-1-0\" class=\"so-panel widget widget_text panel-first-child panel-last-child\" data-index=\"5\" ><div style=\"text-align: left;\" data-title-color=\"#443f3f\" data-headings-color=\"#443f3f\" class=\"panel-widget-style panel-widget-style-for-1009-2-1-0\" ><h3 class=\"widget-title\">MALVAZIJA VUKI\u0106EVI\u0106<\/h3>\t\t\t<div class=\"textwidget\"><p>Suvo bijelo vino<\/p>\n<p>Zavodljiv miris i neodoljiv ukus egzotike malvazije nadahnjuje sva \u010dula i ne ostavlja ih ravnodu\u0161nim, jer ba\u0161 \u010dula najbolje znaju.<\/p>\n<p>Euforija. Mezimica. Hedonizam. Nadahnu\u0107e. Inspiracija. Fantazija.<\/p>\n<p>Slaganje sa hranom: Teletina, piletina, prasetina, ze\u010detina, bijela riba.<\/p>\n<\/div>\n\t\t<\/div><\/div><\/div><\/div><\/div><div id=\"pg-1009-3\"  class=\"panel-grid panel-has-style\" ><div style=\"padding: 100px 0; \" data-overlay=\"true\" data-overlay-color=\"#000000\" class=\"panel-row-style panel-row-style-for-1009-3\" ><div id=\"pgc-1009-3-0\"  class=\"panel-grid-cell\" ><div id=\"panel-1009-3-0-0\" class=\"so-panel widget widget_media_image panel-first-child panel-last-child\" data-index=\"6\" ><div style=\"text-align: left;\" data-title-color=\"#443f3f\" data-headings-color=\"#443f3f\" class=\"panel-widget-style panel-widget-style-for-1009-3-0-0\" ><img loading=\"lazy\" decoding=\"async\" width=\"843\" height=\"842\" src=\"https:\/\/vukicevic.co.me\/wp-content\/uploads\/2022\/01\/vinarija-vukicevic-proizvodi-vina-chardonnay.jpg\" class=\"image wp-image-1529  attachment-full size-full\" alt=\"\" style=\"max-width: 100%; height: auto;\" srcset=\"https:\/\/vukicevic.co.me\/wp-content\/uploads\/2022\/01\/vinarija-vukicevic-proizvodi-vina-chardonnay.jpg 843w, https:\/\/vukicevic.co.me\/wp-content\/uploads\/2022\/01\/vinarija-vukicevic-proizvodi-vina-chardonnay-300x300.jpg 300w, https:\/\/vukicevic.co.me\/wp-content\/uploads\/2022\/01\/vinarija-vukicevic-proizvodi-vina-chardonnay-150x150.jpg 150w, https:\/\/vukicevic.co.me\/wp-content\/uploads\/2022\/01\/vinarija-vukicevic-proizvodi-vina-chardonnay-768x767.jpg 768w, https:\/\/vukicevic.co.me\/wp-content\/uploads\/2022\/01\/vinarija-vukicevic-proizvodi-vina-chardonnay-830x829.jpg 830w, https:\/\/vukicevic.co.me\/wp-content\/uploads\/2022\/01\/vinarija-vukicevic-proizvodi-vina-chardonnay-230x230.jpg 230w, https:\/\/vukicevic.co.me\/wp-content\/uploads\/2022\/01\/vinarija-vukicevic-proizvodi-vina-chardonnay-350x350.jpg 350w, https:\/\/vukicevic.co.me\/wp-content\/uploads\/2022\/01\/vinarija-vukicevic-proizvodi-vina-chardonnay-480x479.jpg 480w, https:\/\/vukicevic.co.me\/wp-content\/uploads\/2022\/01\/vinarija-vukicevic-proizvodi-vina-chardonnay-600x599.jpg 600w, https:\/\/vukicevic.co.me\/wp-content\/uploads\/2022\/01\/vinarija-vukicevic-proizvodi-vina-chardonnay-100x100.jpg 100w\" sizes=\"auto, (max-width: 843px) 100vw, 843px\" \/><\/div><\/div><\/div><div id=\"pgc-1009-3-1\"  class=\"panel-grid-cell\" ><div id=\"panel-1009-3-1-0\" class=\"so-panel widget widget_text panel-first-child panel-last-child\" data-index=\"7\" ><div style=\"text-align: left;\" data-title-color=\"#443f3f\" data-headings-color=\"#443f3f\" class=\"panel-widget-style panel-widget-style-for-1009-3-1-0\" ><h3 class=\"widget-title\">CHARDONNAY VUKI\u0106EVI\u0106<\/h3>\t\t\t<div class=\"textwidget\"><p>Suvo bijelo vino<\/p>\n<p>Zavodljiv miris i neodoljiv ukus egzotike malvazije nadahnjuje sva \u010dula i ne ostavlja ih ravnodu\u0161nim, jer ba\u0161 \u010dula najbolje znaju.<\/p>\n<p>Euforija. Mezimica. Hedonizam. Nadahnu\u0107e. Inspiracija. Fantazija.<\/p>\n<p>Slaganje sa hranom: Teletina, piletina, prasetina, ze\u010detina, bijela riba.<\/p>\n<\/div>\n\t\t<\/div><\/div><\/div><\/div><\/div><div id=\"pg-1009-4\"  class=\"panel-grid panel-has-style\" ><div style=\"padding: 100px 0; \" data-overlay=\"true\" data-overlay-color=\"#000000\" class=\"panel-row-style panel-row-style-for-1009-4\" ><div id=\"pgc-1009-4-0\"  class=\"panel-grid-cell\" ><div id=\"panel-1009-4-0-0\" class=\"so-panel widget widget_text panel-first-child panel-last-child\" data-index=\"8\" ><div style=\"text-align: left;\" data-title-color=\"#443f3f\" data-headings-color=\"#443f3f\" class=\"panel-widget-style panel-widget-style-for-1009-4-0-0\" ><h3 class=\"widget-title\">ROSE VUKI\u0106EVI\u0106<\/h3>\t\t\t<div class=\"textwidget\"><p>Suvo rose vino<\/p>\n<p>Osvje\u017eavaja\u0107a harmoni\u010dna kombinacija Cabernet Sauvignona i Muscat Hambruga je neizostavna stavka i vjeran pratilac svakom u\u017eivanju.<\/p>\n<p>Bla\u017eenstvo. Flert. Zavodljivost. Slast. Lepr\u0161avost. Provokacija.<\/p>\n<p>Slaganje sa hranom: Teletina, piletina, prasetina, ze\u010detina, bijela riba.<\/p>\n<\/div>\n\t\t<\/div><\/div><\/div><div id=\"pgc-1009-4-1\"  class=\"panel-grid-cell\" ><div id=\"panel-1009-4-1-0\" class=\"so-panel widget widget_media_image panel-first-child panel-last-child\" data-index=\"9\" ><div style=\"text-align: left;\" data-title-color=\"#443f3f\" data-headings-color=\"#443f3f\" class=\"panel-widget-style panel-widget-style-for-1009-4-1-0\" ><img loading=\"lazy\" decoding=\"async\" width=\"843\" height=\"843\" src=\"https:\/\/vukicevic.co.me\/wp-content\/uploads\/2022\/01\/vinarija-vukicevic-proizvodi-vina-rose.jpg\" class=\"image wp-image-1531  attachment-full size-full\" alt=\"\" style=\"max-width: 100%; height: auto;\" srcset=\"https:\/\/vukicevic.co.me\/wp-content\/uploads\/2022\/01\/vinarija-vukicevic-proizvodi-vina-rose.jpg 843w, https:\/\/vukicevic.co.me\/wp-content\/uploads\/2022\/01\/vinarija-vukicevic-proizvodi-vina-rose-300x300.jpg 300w, https:\/\/vukicevic.co.me\/wp-content\/uploads\/2022\/01\/vinarija-vukicevic-proizvodi-vina-rose-150x150.jpg 150w, https:\/\/vukicevic.co.me\/wp-content\/uploads\/2022\/01\/vinarija-vukicevic-proizvodi-vina-rose-768x768.jpg 768w, https:\/\/vukicevic.co.me\/wp-content\/uploads\/2022\/01\/vinarija-vukicevic-proizvodi-vina-rose-830x830.jpg 830w, https:\/\/vukicevic.co.me\/wp-content\/uploads\/2022\/01\/vinarija-vukicevic-proizvodi-vina-rose-230x230.jpg 230w, https:\/\/vukicevic.co.me\/wp-content\/uploads\/2022\/01\/vinarija-vukicevic-proizvodi-vina-rose-350x350.jpg 350w, https:\/\/vukicevic.co.me\/wp-content\/uploads\/2022\/01\/vinarija-vukicevic-proizvodi-vina-rose-480x480.jpg 480w, https:\/\/vukicevic.co.me\/wp-content\/uploads\/2022\/01\/vinarija-vukicevic-proizvodi-vina-rose-600x600.jpg 600w, https:\/\/vukicevic.co.me\/wp-content\/uploads\/2022\/01\/vinarija-vukicevic-proizvodi-vina-rose-100x100.jpg 100w\" sizes=\"auto, (max-width: 843px) 100vw, 843px\" \/><\/div><\/div><\/div><\/div><\/div><div id=\"pg-1009-5\"  class=\"panel-grid panel-has-style\" ><div style=\"padding: 100px 0; \" data-overlay=\"true\" data-overlay-color=\"#000000\" class=\"panel-row-style panel-row-style-for-1009-5\" ><div id=\"pgc-1009-5-0\"  class=\"panel-grid-cell\" ><div id=\"panel-1009-5-0-0\" class=\"so-panel widget widget_media_image panel-first-child panel-last-child\" data-index=\"10\" ><div style=\"text-align: left;\" data-title-color=\"#443f3f\" data-headings-color=\"#443f3f\" class=\"panel-widget-style panel-widget-style-for-1009-5-0-0\" ><img loading=\"lazy\" decoding=\"async\" width=\"1024\" height=\"1024\" src=\"https:\/\/vukicevic.co.me\/wp-content\/uploads\/2019\/06\/Lozova-rakija-1024x1024.png\" class=\"image wp-image-250  attachment-large size-large\" alt=\"\" style=\"max-width: 100%; height: auto;\" srcset=\"https:\/\/vukicevic.co.me\/wp-content\/uploads\/2019\/06\/Lozova-rakija-1024x1024.png 1024w, https:\/\/vukicevic.co.me\/wp-content\/uploads\/2019\/06\/Lozova-rakija-150x150.png 150w, https:\/\/vukicevic.co.me\/wp-content\/uploads\/2019\/06\/Lozova-rakija-e1560189645920.png 300w, https:\/\/vukicevic.co.me\/wp-content\/uploads\/2019\/06\/Lozova-rakija-768x768.png 768w, https:\/\/vukicevic.co.me\/wp-content\/uploads\/2019\/06\/Lozova-rakija-600x600.png 600w, https:\/\/vukicevic.co.me\/wp-content\/uploads\/2019\/06\/Lozova-rakija-100x100.png 100w\" sizes=\"auto, (max-width: 1024px) 100vw, 1024px\" \/><\/div><\/div><\/div><div id=\"pgc-1009-5-1\"  class=\"panel-grid-cell\" ><div id=\"panel-1009-5-1-0\" class=\"so-panel widget widget_text panel-first-child panel-last-child\" data-index=\"11\" ><div style=\"text-align: left;\" data-title-color=\"#443f3f\" data-headings-color=\"#443f3f\" class=\"panel-widget-style panel-widget-style-for-1009-5-1-0\" ><h3 class=\"widget-title\">RAKIJA VUKI\u0106EVI\u0106<\/h3>\t\t\t<div class=\"textwidget\"><p>Lozova rakija<\/p>\n<p>Aperitiv kojim treba zapo\u010deti dan, po vjerovanju na\u0161ih predaka. Ovaj napitak nastao je na tradicionalan na\u010din u bakarnim kazanima, kombinacijom Vranca i Krato\u0161ije.<\/p>\n<p>Ja\u010dina. Pokreta\u010d. Divljina. Varnica. Iskra.<\/p>\n<\/div>\n\t\t<\/div><\/div><\/div><\/div><\/div><\/div>","protected":false},"excerpt":{"rendered":"<p>Suvo crveno vino Izuzetno prijatna aroma i puni postojani ukus blenda Vranca, Marselana i Petit Verdoa, na prvoj kapljici oda\u0107e Vam za\u0161to ka\u017eemo da je na\u0161 Ponos. Snaga. Bo\u017eanstvo. Mo\u0107. Prkos. Strast. Opsesija. Senzacija. Slaganje sa hranom: Govedina, jagnjetina, svinjetina, pa\u010detina, gu\u0161\u010detina, \u0107uretina, ro\u0161tilj, divlja\u010d Suvo crveno vino Plemeniti ukus i dominatan miris na francuski [&hellip;]<\/p>\n","protected":false},"author":2,"featured_media":0,"parent":0,"menu_order":0,"comment_status":"closed","ping_status":"closed","template":"page-templates\/page_fullwidth.php","meta":{"om_disable_all_campaigns":false,"_monsterinsights_skip_tracking":false,"_monsterinsights_sitenote_active":false,"_monsterinsights_sitenote_note":"","_monsterinsights_sitenote_category":0,"footnotes":""},"class_list":["post-1009","page","type-page","status-publish","hentry"],"aioseo_notices":[],"amp_enabled":false,"_links":{"self":[{"href":"https:\/\/vukicevic.co.me\/index.php\/wp-json\/wp\/v2\/pages\/1009","targetHints":{"allow":["GET"]}}],"collection":[{"href":"https:\/\/vukicevic.co.me\/index.php\/wp-json\/wp\/v2\/pages"}],"about":[{"href":"https:\/\/vukicevic.co.me\/index.php\/wp-json\/wp\/v2\/types\/page"}],"author":[{"embeddable":true,"href":"https:\/\/vukicevic.co.me\/index.php\/wp-json\/wp\/v2\/users\/2"}],"replies":[{"embeddable":true,"href":"https:\/\/vukicevic.co.me\/index.php\/wp-json\/wp\/v2\/comments?post=1009"}],"version-history":[{"count":72,"href":"https:\/\/vukicevic.co.me\/index.php\/wp-json\/wp\/v2\/pages\/1009\/revisions"}],"predecessor-version":[{"id":1551,"href":"https:\/\/vukicevic.co.me\/index.php\/wp-json\/wp\/v2\/pages\/1009\/revisions\/1551"}],"wp:attachment":[{"href":"https:\/\/vukicevic.co.me\/index.php\/wp-json\/wp\/v2\/media?parent=1009"}],"curies":[{"name":"wp","href":"https:\/\/api.w.org\/{rel}","templated":true}]}}